{"id":55,"date":"2024-01-07T20:36:31","date_gmt":"2024-01-07T20:36:31","guid":{"rendered":"https:\/\/mandarin-verlag.de\/?page_id=55"},"modified":"2026-02-14T15:45:15","modified_gmt":"2026-02-14T15:45:15","slug":"bestellen","status":"publish","type":"page","link":"https:\/\/mandarin-verlag.de\/?page_id=55","title":{"rendered":"Bestellen"},"content":{"rendered":"\n<hr class=\"wp-block-separator has-alpha-channel-opacity\"\/>\n\n\n\n<p>Sie m\u00f6chten B\u00fccher direkt ab Verlag oder sogar direkt vom Autor bestellen? <\/p>\n\n\n\n<p>Das finden wir gut, freuen uns \u00fcber Ihre Anfragen und Bestellungen und versehen Ihr Buch gerne mit einer Widmung und Signatur. <\/p>\n\n\n\n<p>Und weil uns pers\u00f6nliche Kontakte ebenso wichtig sind wie dem Rocket M\u00e4n (eines der Kinderb\u00fccher in unserem Sortiment), liefern wir Ihre Wunschb\u00fccher ab einem Warenwert von 15,00 Euro FREI HAUS. Sie zahlen also keine Versandkosten!<\/p>\n\n\n\n<p>Wie das geht? Einfach Bestellung per Mail aufgeben und aufs Buch freuen. <\/p>\n\n\n\n<p>So einfach ist das bei uns.<\/p>\n\n\n\n<p><mark style=\"background-color:#ff6900\" class=\"has-inline-color has-white-color\">Bestellen unter: info@mandarin-verlag.de<\/mark><\/p>\n\n\n\n<p><\/p>\n","protected":false},"excerpt":{"rendered":"<p>Sie m\u00f6chten B\u00fccher direkt ab Verlag oder sogar direkt vom Autor bestellen? Das finden wir gut, freuen uns \u00fcber Ihre Anfragen und Bestellungen und versehen Ihr Buch gerne mit einer Widmung und Signatur. Und weil uns pers\u00f6nliche Kontakte ebenso wichtig sind wie dem Rocket M\u00e4n (eines der Kinderb\u00fccher in unserem Sortiment), liefern wir Ihre Wunschb\u00fccher &hellip; <\/p>\n<p class=\"link-more\"><a href=\"https:\/\/mandarin-verlag.de\/?page_id=55\" class=\"more-link\"><span class=\"screen-reader-text\">\u201eBestellen\u201c<\/span> weiterlesen<\/a><\/p>\n","protected":false},"author":1,"featured_media":0,"parent":0,"menu_order":0,"comment_status":"closed","ping_status":"closed","template":"","meta":{"footnotes":""},"_links":{"self":[{"href":"https:\/\/mandarin-verlag.de\/index.php?rest_route=\/wp\/v2\/pages\/55"}],"collection":[{"href":"https:\/\/mandarin-verlag.de\/index.php?rest_route=\/wp\/v2\/pages"}],"about":[{"href":"https:\/\/mandarin-verlag.de\/index.php?rest_route=\/wp\/v2\/types\/page"}],"author":[{"embeddable":true,"href":"https:\/\/mandarin-verlag.de\/index.php?rest_route=\/wp\/v2\/users\/1"}],"replies":[{"embeddable":true,"href":"https:\/\/mandarin-verlag.de\/index.php?rest_route=%2Fwp%2Fv2%2Fcomments&post=55"}],"version-history":[{"count":10,"href":"https:\/\/mandarin-verlag.de\/index.php?rest_route=\/wp\/v2\/pages\/55\/revisions"}],"predecessor-version":[{"id":140,"href":"https:\/\/mandarin-verlag.de\/index.php?rest_route=\/wp\/v2\/pages\/55\/revisions\/140"}],"wp:attachment":[{"href":"https:\/\/mandarin-verlag.de\/index.php?rest_route=%2Fwp%2Fv2%2Fmedia&parent=55"}],"curies":[{"name":"wp","href":"https:\/\/api.w.org\/{rel}","templated":true}]}}