{"id":21,"date":"2024-01-07T18:20:30","date_gmt":"2024-01-07T18:20:30","guid":{"rendered":"https:\/\/mandarin-verlag.de\/?page_id=21"},"modified":"2026-02-14T15:44:46","modified_gmt":"2026-02-14T15:44:46","slug":"buecher","status":"publish","type":"page","link":"https:\/\/mandarin-verlag.de\/?page_id=21","title":{"rendered":"Romane"},"content":{"rendered":"\n<p><\/p>\n\n\n\n<p>Alle B\u00fccher k\u00f6nnen Sie <a href=\"https:\/\/mandarin-verlag.de\/wp-admin\/post.php?post=55&amp;action=edit\">direkt ab Verlag bestellen<\/a>.<\/p>\n\n\n\n<hr class=\"wp-block-separator has-alpha-channel-opacity\"\/>\n\n\n\n<h2 class=\"wp-block-heading\">Reisen mit Pippo<\/h2>\n\n\n\n<p>Holger Montag<\/p>\n\n\n\n<figure class=\"wp-block-image size-full is-resized\"><img loading=\"lazy\" decoding=\"async\" width=\"633\" height=\"897\" src=\"https:\/\/mandarin-verlag.de\/wp-content\/uploads\/2024\/01\/Titeljpg.jpg\" alt=\"\" class=\"wp-image-37\" style=\"width:214px;height:auto\" srcset=\"https:\/\/mandarin-verlag.de\/wp-content\/uploads\/2024\/01\/Titeljpg.jpg 633w, https:\/\/mandarin-verlag.de\/wp-content\/uploads\/2024\/01\/Titeljpg-212x300.jpg 212w\" sizes=\"(max-width: 633px) 100vw, 633px\" \/><\/figure>\n\n\n\n<details class=\"wp-block-details is-layout-flow wp-block-details-is-layout-flow\"><summary> Was tun, wenn der Gro\u00dfvater stirbt und die Erf\u00fcllung dessen letzten Wunsches \u2013 in der s\u00fcditalienischen Heimat bestattet zu werden \u2013 an Geldmangel und innerfamili\u00e4ren Schwierigkeiten zu scheitern droht? F\u00fcr Luca H\u00fcbschen liegt die L\u00f6sung auf der Hand: Den toten Giuseppe \u2013 genannt \u201aPippo\u2018 &#8211;<span style=\"mso-spacerun:yes\">&nbsp; <\/span>selbst die 2.000 Kilometer von Saarbr\u00fccken nach Apulien zu transportieren, und zwar mit Hilfe seiner Freundin Steffi und seines betagten Fiat 500 \u201aCinquecento\u2018. So unplanm\u00e4\u00dfig und \u00fcberhastet die Reise beginnt, so schwierig gestaltet sich auch das weitere Vorankommen, gilt es doch, neben der Frage, wie man die H\u00fcrden der B\u00fcrokratie und eventuelle Zoll- und Polizeikontrollen \u00fcberwindet, auch t\u00e4glich aufs Neue das Problem der K\u00fchlung Pippos in dem eigens f\u00fcr ihn konstruierten Dachsarg zu l\u00f6sen. <br><br>Das <i style=\"mso-bidi-font-style:normal\">Reisen mit Pippo<\/i> wird f\u00fcr Luca alsbald zu einer Reise zu Pippo selbst, mit dem er fast drei\u00dfig Jahre lang unter einem Dach gelebt hat, ohne ihn wirklich zu kennen \u2013 wie er nun feststellen muss. Mit jedem zur\u00fcckgelegten Kilometer kommt er Pippo n\u00e4her, als er es jemals zu Hause vermocht h\u00e4tte, w\u00e4hrend die Fahrt selbst \u2013 die ihm und Steffi immer wieder einiges an Erfindungsreichtum und Improvisationstalent abverlangt \u2013 bis zum Schluss stets noch eine \u00dcberraschung f\u00fcr ihn bereit h\u00e4lt.<br><br>Holger Montag: Reisen mit Pippo, Roman, <strong>ISBN-13<\/strong>: 978-3-9809325-0-9, 464 Seiten, Paperback, 16,90 EUR [D] \/<br><\/summary>\n<p><\/p>\n\n\n\n<details class=\"wp-block-details is-layout-flow wp-block-details-is-layout-flow\"><summary>Details<\/summary>\n<p><\/p>\n<\/details>\n<\/details>\n\n\n\n<hr class=\"wp-block-separator has-alpha-channel-opacity\"\/>\n\n\n\n<h2 class=\"wp-block-heading\">Liebe oder so<\/h2>\n\n\n\n<p>Holger Montag<\/p>\n\n\n\n<figure class=\"wp-block-image size-large is-resized\"><img loading=\"lazy\" decoding=\"async\" width=\"654\" height=\"1024\" src=\"https:\/\/mandarin-verlag.de\/wp-content\/uploads\/2024\/01\/Umschlagvorderseiteklein-654x1024.jpg\" alt=\"\" class=\"wp-image-35\" style=\"width:215px;height:auto\" srcset=\"https:\/\/mandarin-verlag.de\/wp-content\/uploads\/2024\/01\/Umschlagvorderseiteklein-654x1024.jpg 654w, https:\/\/mandarin-verlag.de\/wp-content\/uploads\/2024\/01\/Umschlagvorderseiteklein-192x300.jpg 192w, https:\/\/mandarin-verlag.de\/wp-content\/uploads\/2024\/01\/Umschlagvorderseiteklein-768x1202.jpg 768w, https:\/\/mandarin-verlag.de\/wp-content\/uploads\/2024\/01\/Umschlagvorderseiteklein-981x1536.jpg 981w, https:\/\/mandarin-verlag.de\/wp-content\/uploads\/2024\/01\/Umschlagvorderseiteklein.jpg 1000w\" sizes=\"(max-width: 654px) 100vw, 654px\" \/><\/figure>\n\n\n\n<details class=\"wp-block-details is-layout-flow wp-block-details-is-layout-flow\"><summary>Die gro\u00dfe Liebe. Viele sind ihr schon \u00fcber den Weg gelaufen, andere warten noch auf ein Zusammentreffen mit ihr. Doch wenn man ihr begegnet, was dann? Gen\u00fcgt es, man selbst zu sein, um sie einfangen und halten zu k\u00f6nnen? Und woran erkennt man sie \u00fcberhaupt?<br><br>Alex, Anfang 30 und gerade in einem Formtief, tut sich schwer damit, sein Leben und seine Emotionen zu ordnen und begegnet beiden mit Sarkasmus. Tr\u00f6stlich, dass auch seine Freunde ihren Lebensmittelpunkt noch nicht gefunden haben. Kein Grund zur Hektik also.<br><br>Als Alex jedoch die unkonventionelle Marie kennen lernt, wird seine Lethargie auf eine harte Probe gestellt. Aus der anfangs fl\u00fcchtigen, sexuellen Begegnung entwickeln sich bei beiden ungeahnt heftige Gef\u00fchle: Liebe oder so.<br><br>Holger Montag: Liebe oder so, Roman, <strong>ISBN-13<\/strong>: 978-3-9809325-1-6, 404 Seiten, Paperback, UVP 9,99 EUR [D]<br><br><\/summary>\n<hr class=\"wp-block-separator has-alpha-channel-opacity\"\/>\n\n\n\n<h2 class=\"wp-block-heading\">Schwarzer Wald<\/h2>\n\n\n\n<p>Holger Montag<\/p>\n\n\n\n<details class=\"wp-block-details is-layout-flow wp-block-details-is-layout-flow\"><summary>Winterzeit, ein fr\u00fcher Abend im dicht verschneiten Schwarzwald: F\u00fcnf junge Winterurlauber werden auf der Heimreise durch einen Gel\u00e4ndewagen von der Stra\u00dfe gedr\u00e4ngt. Zwar wird keiner von ihnen verletzt, doch ihr auf dem Feld stehendes Auto l\u00e4sst sich nicht mehr starten.<br>&nbsp;<br>Zwei der Freunde suchen Hilfe bei einem nahe gelegenen Bauernhof. Als sie zur Unfallstelle zur\u00fcckkehren, sind ihre Freunde spurlos verschwunden. Am n\u00e4chsten Tag stellt sich heraus, dass diese in der Nacht offenbar noch in einen weitaus schlimmeren Unfall verwickelt und schwer verletzt ins Krankenhaus gebracht wurden. Der Beginn eines Albtraums &#8230;<br><br>Holger Montag: Schwarzer Wald, Roman, 292 Seiten, Paperback, 14,90 EUR [D]<\/summary>\n<p><\/p>\n\n\n\n<p><\/p>\n<\/details>\n\n\n\n<hr class=\"wp-block-separator has-alpha-channel-opacity\"\/>\n<\/details>\n\n\n\n<hr class=\"wp-block-separator has-alpha-channel-opacity\"\/>\n\n\n\n<h2 class=\"wp-block-heading\">Schwarzer Wald<\/h2>\n\n\n\n<p>Holger Montag<\/p>\n\n\n\n<figure class=\"wp-block-image size-full is-resized\"><img loading=\"lazy\" decoding=\"async\" width=\"507\" height=\"706\" src=\"https:\/\/mandarin-verlag.de\/wp-content\/uploads\/2024\/01\/TitelSW101228Postkarte.jpg\" alt=\"\" class=\"wp-image-34\" style=\"width:214px;height:auto\" srcset=\"https:\/\/mandarin-verlag.de\/wp-content\/uploads\/2024\/01\/TitelSW101228Postkarte.jpg 507w, https:\/\/mandarin-verlag.de\/wp-content\/uploads\/2024\/01\/TitelSW101228Postkarte-215x300.jpg 215w\" sizes=\"(max-width: 507px) 100vw, 507px\" \/><\/figure>\n\n\n\n<details class=\"wp-block-details is-layout-flow wp-block-details-is-layout-flow\"><summary>Winterzeit, ein fr\u00fcher Abend im dicht verschneiten Schwarzwald: F\u00fcnf junge Winterurlauber werden auf der Heimreise durch einen Gel\u00e4ndewagen von der Stra\u00dfe gedr\u00e4ngt. Zwar wird keiner von ihnen verletzt, doch ihr auf dem Feld stehendes Auto l\u00e4sst sich nicht mehr starten.<br>&nbsp;<br>Zwei der Freunde suchen Hilfe bei einem nahe gelegenen Bauernhof. Als sie zur Unfallstelle zur\u00fcckkehren, sind ihre Freunde spurlos verschwunden. Am n\u00e4chsten Tag stellt sich heraus, dass diese in der Nacht offenbar noch in einen weitaus schlimmeren Unfall verwickelt und schwer verletzt ins Krankenhaus gebracht wurden. Der Beginn eines Albtraums &#8230;<br><br>Holger Montag: Schwarzer Wald, Roman\/Thriller, <strong>ISBN-13<\/strong>: 978-3-9809325-2-3, 252 Seiten, Paperback, 14,90 EUR [D]<br> <\/summary>\n<p><\/p>\n<\/details>\n\n\n\n<hr class=\"wp-block-separator has-alpha-channel-opacity\"\/>\n\n\n\n<div style=\"height:43px\" aria-hidden=\"true\" class=\"wp-block-spacer\"><\/div>\n\n\n\n<p>Alle B\u00fccher k\u00f6nnen Sie <a href=\"https:\/\/mandarin-verlag.de\/wp-admin\/post.php?post=55&amp;action=edit\">direkt ab Verlag bestellen<\/a>. <\/p>\n\n\n\n<p>Versandkosten: 1,50 EUR; bei Bestellungen >15,00 EUR frei Haus<\/p>\n\n\n\n<h2 class=\"wp-block-heading\"><\/h2>\n","protected":false},"excerpt":{"rendered":"<p>Alle B\u00fccher k\u00f6nnen Sie direkt ab Verlag bestellen. Reisen mit Pippo Holger Montag Liebe oder so Holger Montag Schwarzer Wald Holger Montag Alle B\u00fccher k\u00f6nnen Sie direkt ab Verlag bestellen. Versandkosten: 1,50 EUR; bei Bestellungen >15,00 EUR frei Haus<\/p>\n","protected":false},"author":1,"featured_media":0,"parent":0,"menu_order":0,"comment_status":"closed","ping_status":"closed","template":"","meta":{"footnotes":""},"_links":{"self":[{"href":"https:\/\/mandarin-verlag.de\/index.php?rest_route=\/wp\/v2\/pages\/21"}],"collection":[{"href":"https:\/\/mandarin-verlag.de\/index.php?rest_route=\/wp\/v2\/pages"}],"about":[{"href":"https:\/\/mandarin-verlag.de\/index.php?rest_route=\/wp\/v2\/types\/page"}],"author":[{"embeddable":true,"href":"https:\/\/mandarin-verlag.de\/index.php?rest_route=\/wp\/v2\/users\/1"}],"replies":[{"embeddable":true,"href":"https:\/\/mandarin-verlag.de\/index.php?rest_route=%2Fwp%2Fv2%2Fcomments&post=21"}],"version-history":[{"count":21,"href":"https:\/\/mandarin-verlag.de\/index.php?rest_route=\/wp\/v2\/pages\/21\/revisions"}],"predecessor-version":[{"id":139,"href":"https:\/\/mandarin-verlag.de\/index.php?rest_route=\/wp\/v2\/pages\/21\/revisions\/139"}],"wp:attachment":[{"href":"https:\/\/mandarin-verlag.de\/index.php?rest_route=%2Fwp%2Fv2%2Fmedia&parent=21"}],"curies":[{"name":"wp","href":"https:\/\/api.w.org\/{rel}","templated":true}]}}